{"id":24,"date":"2024-12-11T07:52:00","date_gmt":"2024-12-11T06:52:00","guid":{"rendered":"https:\/\/funeraillesadt.bluetimeproduction.be\/?page_id=24"},"modified":"2026-02-12T11:09:58","modified_gmt":"2026-02-12T10:09:58","slug":"mentions-legales","status":"publish","type":"page","link":"https:\/\/funeraillesadt.bluetimeproduction.be\/fr\/mentions-legales\/","title":{"rendered":"Mentions l\u00e9gales"},"content":{"rendered":"\t\t<div data-elementor-type=\"wp-page\" data-elementor-id=\"24\" class=\"elementor elementor-24\" data-elementor-post-type=\"page\">\n\t\t\t\t<div class=\"elementor-element elementor-element-4b9c157 e-flex e-con-boxed e-con e-parent\" data-id=\"4b9c157\" data-element_type=\"container\" data-e-type=\"container\" data-settings=\"{&quot;background_background&quot;:&quot;classic&quot;}\">\n\t\t\t\t\t<div class=\"e-con-inner\">\n\t\t\t\t<div class=\"elementor-element elementor-element-f8d657c elementor-widget elementor-widget-heading\" data-id=\"f8d657c\" data-element_type=\"widget\" data-e-type=\"widget\" data-widget_type=\"heading.default\">\n\t\t\t\t<div class=\"elementor-widget-container\">\n\t\t\t\t\t<h1 class=\"elementor-heading-title elementor-size-default\">Mentions l\u00e9gales<\/h1>\t\t\t\t<\/div>\n\t\t\t\t<\/div>\n\t\t\t\t\t<\/div>\n\t\t\t\t<\/div>\n\t\t<div class=\"elementor-element elementor-element-ce0c030 e-flex e-con-boxed e-con e-child\" data-id=\"ce0c030\" data-element_type=\"container\" data-e-type=\"container\">\n\t\t\t\t\t<div class=\"e-con-inner\">\n\t\t<div class=\"elementor-element elementor-element-d01288e e-con-full e-flex e-con e-child\" data-id=\"d01288e\" data-element_type=\"container\" data-e-type=\"container\">\n\t\t\t\t<div class=\"elementor-element elementor-element-6c6ac61 elementor-widget elementor-widget-heading\" data-id=\"6c6ac61\" data-element_type=\"widget\" data-e-type=\"widget\" data-widget_type=\"heading.default\">\n\t\t\t\t<div class=\"elementor-widget-container\">\n\t\t\t\t\t<h2 class=\"elementor-heading-title elementor-size-default\">A.D.T. Corporation srl<\/h2>\t\t\t\t<\/div>\n\t\t\t\t<\/div>\n\t\t\t\t<div class=\"elementor-element elementor-element-15dd41c elementor-widget elementor-widget-text-editor\" data-id=\"15dd41c\" data-element_type=\"widget\" data-e-type=\"widget\" data-widget_type=\"text-editor.default\">\n\t\t\t\t<div class=\"elementor-widget-container\">\n\t\t\t\t\t\t\t\t\t<p>Si\u00e8ge social&nbsp;: Rue de la Promenade, 13 &#8211; 1070 Anderlecht<\/p><p>Num\u00e9ro de t\u00e9l\u00e9phone&nbsp;: <a href=\"tel:025208838\">02&nbsp;520 88 38<\/a><\/p><p>Adresse e-mail&nbsp;: <a href=\"mailto:info@funeraillesadt.be\">info@funeraillesadt.be<\/a><\/p><p>Num\u00e9ro d\u2019entreprise&nbsp;: 0661.889.990<\/p><p>Num\u00e9ro de TVA&nbsp;: BE 0661.889.990<\/p>\t\t\t\t\t\t\t\t<\/div>\n\t\t\t\t<\/div>\n\t\t\t\t<\/div>\n\t\t\t\t\t<\/div>\n\t\t\t\t<\/div>\n\t\t\t\t<\/div>","protected":false},"excerpt":{"rendered":"<p>A.D.T. Corporation srl Si\u00e8ge social&nbsp;: Rue de la Promenade, 13 &#8211; 1070 Anderlecht Num\u00e9ro de t\u00e9l\u00e9phone&nbsp;: 02&nbsp;520 88 38 Adresse e-mail&nbsp;: info@funeraillesadt.be Num\u00e9ro d\u2019entreprise&nbsp;: 0661.889.990 Num\u00e9ro de TVA&nbsp;: BE 0661.889.990<\/p>","protected":false},"author":1,"featured_media":0,"parent":0,"menu_order":0,"comment_status":"closed","ping_status":"closed","template":"","meta":{"footnotes":""},"class_list":["post-24","page","type-page","status-publish","hentry"],"yoast_head":"<!-- This site is optimized with the Yoast SEO plugin v26.9 - https:\/\/yoast.com\/product\/yoast-seo-wordpress\/ -->\n<title>Fun\u00e9railles ADT | Mentions l\u00e9gales<\/title>\n<meta name=\"robots\" content=\"noindex, follow\" \/>\n<meta property=\"og:locale\" content=\"fr_FR\" \/>\n<meta property=\"og:type\" content=\"article\" \/>\n<meta property=\"og:title\" content=\"Fun\u00e9railles ADT | Mentions l\u00e9gales\" \/>\n<meta property=\"og:description\" content=\"A.D.T. Corporation srl Si\u00e8ge social&nbsp;: Rue de la Promenade, 13 &#8211; 1070 Anderlecht Num\u00e9ro de t\u00e9l\u00e9phone&nbsp;: 02&nbsp;520 88 38 Adresse e-mail&nbsp;: info@funeraillesadt.be Num\u00e9ro d\u2019entreprise&nbsp;: 0661.889.990 Num\u00e9ro de TVA&nbsp;: BE 0661.889.990\" \/>\n<meta property=\"og:url\" content=\"https:\/\/funeraillesadt.bluetimeproduction.be\/fr\/mentions-legales\/\" \/>\n<meta property=\"og:site_name\" content=\"Fun\u00e9railles ADT\" \/>\n<meta property=\"article:modified_time\" content=\"2026-02-12T10:09:58+00:00\" \/>\n<meta name=\"twitter:card\" content=\"summary_large_image\" \/>\n<meta name=\"twitter:label1\" content=\"Dur\u00e9e de lecture estim\u00e9e\" \/>\n\t<meta name=\"twitter:data1\" content=\"1 minute\" \/>\n<script type=\"application\/ld+json\" class=\"yoast-schema-graph\">{\"@context\":\"https:\/\/schema.org\",\"@graph\":[{\"@type\":\"WebPage\",\"@id\":\"https:\/\/funeraillesadt.bluetimeproduction.be\/fr\/mentions-legales\/\",\"url\":\"https:\/\/funeraillesadt.bluetimeproduction.be\/fr\/mentions-legales\/\",\"name\":\"Fun\u00e9railles ADT | Mentions l\u00e9gales\",\"isPartOf\":{\"@id\":\"https:\/\/funeraillesadt.bluetimeproduction.be\/fr\/#website\"},\"datePublished\":\"2024-12-11T06:52:00+00:00\",\"dateModified\":\"2026-02-12T10:09:58+00:00\",\"breadcrumb\":{\"@id\":\"https:\/\/funeraillesadt.bluetimeproduction.be\/fr\/mentions-legales\/#breadcrumb\"},\"inLanguage\":\"fr-FR\",\"potentialAction\":[{\"@type\":\"ReadAction\",\"target\":[\"https:\/\/funeraillesadt.bluetimeproduction.be\/fr\/mentions-legales\/\"]}]},{\"@type\":\"BreadcrumbList\",\"@id\":\"https:\/\/funeraillesadt.bluetimeproduction.be\/fr\/mentions-legales\/#breadcrumb\",\"itemListElement\":[{\"@type\":\"ListItem\",\"position\":1,\"name\":\"Accueil\",\"item\":\"https:\/\/funeraillesadt.bluetimeproduction.be\/fr\/\"},{\"@type\":\"ListItem\",\"position\":2,\"name\":\"Mentions l\u00e9gales\"}]},{\"@type\":\"WebSite\",\"@id\":\"https:\/\/funeraillesadt.bluetimeproduction.be\/fr\/#website\",\"url\":\"https:\/\/funeraillesadt.bluetimeproduction.be\/fr\/\",\"name\":\"Fun\u00e9railles ADT\",\"description\":\"\",\"publisher\":{\"@id\":\"https:\/\/funeraillesadt.bluetimeproduction.be\/fr\/#organization\"},\"potentialAction\":[{\"@type\":\"SearchAction\",\"target\":{\"@type\":\"EntryPoint\",\"urlTemplate\":\"https:\/\/funeraillesadt.bluetimeproduction.be\/fr\/?s={search_term_string}\"},\"query-input\":{\"@type\":\"PropertyValueSpecification\",\"valueRequired\":true,\"valueName\":\"search_term_string\"}}],\"inLanguage\":\"fr-FR\"},{\"@type\":\"Organization\",\"@id\":\"https:\/\/funeraillesadt.bluetimeproduction.be\/fr\/#organization\",\"name\":\"Fun\u00e9railles ADT\",\"url\":\"https:\/\/funeraillesadt.bluetimeproduction.be\/fr\/\",\"logo\":{\"@type\":\"ImageObject\",\"inLanguage\":\"fr-FR\",\"@id\":\"https:\/\/funeraillesadt.bluetimeproduction.be\/fr\/#\/schema\/logo\/image\/\",\"url\":\"https:\/\/funeraillesadt.bluetimeproduction.be\/wp-content\/uploads\/2025\/12\/logo_adt-fr.svg\",\"contentUrl\":\"https:\/\/funeraillesadt.bluetimeproduction.be\/wp-content\/uploads\/2025\/12\/logo_adt-fr.svg\",\"width\":1,\"height\":1,\"caption\":\"Fun\u00e9railles ADT\"},\"image\":{\"@id\":\"https:\/\/funeraillesadt.bluetimeproduction.be\/fr\/#\/schema\/logo\/image\/\"}}]}<\/script>\n<!-- \/ Yoast SEO plugin. -->","yoast_head_json":{"title":"Fun\u00e9railles ADT | Mentions l\u00e9gales","robots":{"index":"noindex","follow":"follow"},"og_locale":"fr_FR","og_type":"article","og_title":"Fun\u00e9railles ADT | Mentions l\u00e9gales","og_description":"A.D.T. Corporation srl Si\u00e8ge social&nbsp;: Rue de la Promenade, 13 &#8211; 1070 Anderlecht Num\u00e9ro de t\u00e9l\u00e9phone&nbsp;: 02&nbsp;520 88 38 Adresse e-mail&nbsp;: info@funeraillesadt.be Num\u00e9ro d\u2019entreprise&nbsp;: 0661.889.990 Num\u00e9ro de TVA&nbsp;: BE 0661.889.990","og_url":"https:\/\/funeraillesadt.bluetimeproduction.be\/fr\/mentions-legales\/","og_site_name":"Fun\u00e9railles ADT","article_modified_time":"2026-02-12T10:09:58+00:00","twitter_card":"summary_large_image","twitter_misc":{"Dur\u00e9e de lecture estim\u00e9e":"1 minute"},"schema":{"@context":"https:\/\/schema.org","@graph":[{"@type":"WebPage","@id":"https:\/\/funeraillesadt.bluetimeproduction.be\/fr\/mentions-legales\/","url":"https:\/\/funeraillesadt.bluetimeproduction.be\/fr\/mentions-legales\/","name":"Fun\u00e9railles ADT | Mentions l\u00e9gales","isPartOf":{"@id":"https:\/\/funeraillesadt.bluetimeproduction.be\/fr\/#website"},"datePublished":"2024-12-11T06:52:00+00:00","dateModified":"2026-02-12T10:09:58+00:00","breadcrumb":{"@id":"https:\/\/funeraillesadt.bluetimeproduction.be\/fr\/mentions-legales\/#breadcrumb"},"inLanguage":"fr-FR","potentialAction":[{"@type":"ReadAction","target":["https:\/\/funeraillesadt.bluetimeproduction.be\/fr\/mentions-legales\/"]}]},{"@type":"BreadcrumbList","@id":"https:\/\/funeraillesadt.bluetimeproduction.be\/fr\/mentions-legales\/#breadcrumb","itemListElement":[{"@type":"ListItem","position":1,"name":"Accueil","item":"https:\/\/funeraillesadt.bluetimeproduction.be\/fr\/"},{"@type":"ListItem","position":2,"name":"Mentions l\u00e9gales"}]},{"@type":"WebSite","@id":"https:\/\/funeraillesadt.bluetimeproduction.be\/fr\/#website","url":"https:\/\/funeraillesadt.bluetimeproduction.be\/fr\/","name":"Fun\u00e9railles ADT","description":"","publisher":{"@id":"https:\/\/funeraillesadt.bluetimeproduction.be\/fr\/#organization"},"potentialAction":[{"@type":"SearchAction","target":{"@type":"EntryPoint","urlTemplate":"https:\/\/funeraillesadt.bluetimeproduction.be\/fr\/?s={search_term_string}"},"query-input":{"@type":"PropertyValueSpecification","valueRequired":true,"valueName":"search_term_string"}}],"inLanguage":"fr-FR"},{"@type":"Organization","@id":"https:\/\/funeraillesadt.bluetimeproduction.be\/fr\/#organization","name":"Fun\u00e9railles ADT","url":"https:\/\/funeraillesadt.bluetimeproduction.be\/fr\/","logo":{"@type":"ImageObject","inLanguage":"fr-FR","@id":"https:\/\/funeraillesadt.bluetimeproduction.be\/fr\/#\/schema\/logo\/image\/","url":"https:\/\/funeraillesadt.bluetimeproduction.be\/wp-content\/uploads\/2025\/12\/logo_adt-fr.svg","contentUrl":"https:\/\/funeraillesadt.bluetimeproduction.be\/wp-content\/uploads\/2025\/12\/logo_adt-fr.svg","width":1,"height":1,"caption":"Fun\u00e9railles ADT"},"image":{"@id":"https:\/\/funeraillesadt.bluetimeproduction.be\/fr\/#\/schema\/logo\/image\/"}}]}},"_links":{"self":[{"href":"https:\/\/funeraillesadt.bluetimeproduction.be\/fr\/wp-json\/wp\/v2\/pages\/24","targetHints":{"allow":["GET"]}}],"collection":[{"href":"https:\/\/funeraillesadt.bluetimeproduction.be\/fr\/wp-json\/wp\/v2\/pages"}],"about":[{"href":"https:\/\/funeraillesadt.bluetimeproduction.be\/fr\/wp-json\/wp\/v2\/types\/page"}],"author":[{"embeddable":true,"href":"https:\/\/funeraillesadt.bluetimeproduction.be\/fr\/wp-json\/wp\/v2\/users\/1"}],"replies":[{"embeddable":true,"href":"https:\/\/funeraillesadt.bluetimeproduction.be\/fr\/wp-json\/wp\/v2\/comments?post=24"}],"version-history":[{"count":16,"href":"https:\/\/funeraillesadt.bluetimeproduction.be\/fr\/wp-json\/wp\/v2\/pages\/24\/revisions"}],"predecessor-version":[{"id":2229,"href":"https:\/\/funeraillesadt.bluetimeproduction.be\/fr\/wp-json\/wp\/v2\/pages\/24\/revisions\/2229"}],"wp:attachment":[{"href":"https:\/\/funeraillesadt.bluetimeproduction.be\/fr\/wp-json\/wp\/v2\/media?parent=24"}],"curies":[{"name":"wp","href":"https:\/\/api.w.org\/{rel}","templated":true}]}}