{"id":203,"date":"2025-12-02T10:17:22","date_gmt":"2025-12-02T09:17:22","guid":{"rendered":"https:\/\/funeraillesadt.bluetimeproduction.be\/?page_id=203"},"modified":"2025-12-02T10:17:23","modified_gmt":"2025-12-02T09:17:23","slug":"contact","status":"publish","type":"page","link":"https:\/\/funeraillesadt.bluetimeproduction.be\/fr\/contact\/","title":{"rendered":"Contact"},"content":{"rendered":"","protected":false},"excerpt":{"rendered":"","protected":false},"author":1,"featured_media":0,"parent":0,"menu_order":0,"comment_status":"closed","ping_status":"closed","template":"","meta":{"footnotes":""},"class_list":["post-203","page","type-page","status-publish","hentry"],"yoast_head":"<!-- This site is optimized with the Yoast SEO plugin v26.9 - https:\/\/yoast.com\/product\/yoast-seo-wordpress\/ -->\n<title>Fun\u00e9railles ADT | Bruxelles | Nous contacter<\/title>\n<meta name=\"description\" content=\"Besoin d\u2019assistance apr\u00e8s un d\u00e9c\u00e8s ? Fun\u00e9railles ADT est joignable 24h\/24 et 7j\/7 et vous accompagne avec bienveillance.\" \/>\n<meta name=\"robots\" content=\"noindex, follow, max-snippet:-1, max-image-preview:large, max-video-preview:-1\" \/>\n<meta property=\"og:locale\" content=\"fr_FR\" \/>\n<meta property=\"og:type\" content=\"article\" \/>\n<meta property=\"og:title\" content=\"Fun\u00e9railles ADT | Bruxelles | Nous contacter\" \/>\n<meta property=\"og:description\" content=\"Besoin d\u2019assistance apr\u00e8s un d\u00e9c\u00e8s ? Fun\u00e9railles ADT est joignable 24h\/24 et 7j\/7 et vous accompagne avec bienveillance.\" \/>\n<meta property=\"og:url\" content=\"https:\/\/funeraillesadt.bluetimeproduction.be\/fr\/contact\/\" \/>\n<meta property=\"og:site_name\" content=\"Fun\u00e9railles ADT\" \/>\n<meta property=\"article:modified_time\" content=\"2025-12-02T09:17:23+00:00\" \/>\n<meta name=\"twitter:card\" content=\"summary_large_image\" \/>\n<script type=\"application\/ld+json\" class=\"yoast-schema-graph\">{\"@context\":\"https:\/\/schema.org\",\"@graph\":[{\"@type\":\"WebPage\",\"@id\":\"https:\/\/funeraillesadt.bluetimeproduction.be\/fr\/contact\/\",\"url\":\"https:\/\/funeraillesadt.bluetimeproduction.be\/fr\/contact\/\",\"name\":\"Fun\u00e9railles ADT | Bruxelles | Nous contacter\",\"isPartOf\":{\"@id\":\"https:\/\/funeraillesadt.bluetimeproduction.be\/fr\/#website\"},\"datePublished\":\"2025-12-02T09:17:22+00:00\",\"dateModified\":\"2025-12-02T09:17:23+00:00\",\"description\":\"Besoin d\u2019assistance apr\u00e8s un d\u00e9c\u00e8s ? Fun\u00e9railles ADT est joignable 24h\/24 et 7j\/7 et vous accompagne avec bienveillance.\",\"breadcrumb\":{\"@id\":\"https:\/\/funeraillesadt.bluetimeproduction.be\/fr\/contact\/#breadcrumb\"},\"inLanguage\":\"fr-FR\",\"potentialAction\":[{\"@type\":\"ReadAction\",\"target\":[\"https:\/\/funeraillesadt.bluetimeproduction.be\/fr\/contact\/\"]}]},{\"@type\":\"BreadcrumbList\",\"@id\":\"https:\/\/funeraillesadt.bluetimeproduction.be\/fr\/contact\/#breadcrumb\",\"itemListElement\":[{\"@type\":\"ListItem\",\"position\":1,\"name\":\"Accueil\",\"item\":\"https:\/\/funeraillesadt.bluetimeproduction.be\/fr\/\"},{\"@type\":\"ListItem\",\"position\":2,\"name\":\"Contact\"}]},{\"@type\":\"WebSite\",\"@id\":\"https:\/\/funeraillesadt.bluetimeproduction.be\/fr\/#website\",\"url\":\"https:\/\/funeraillesadt.bluetimeproduction.be\/fr\/\",\"name\":\"Fun\u00e9railles ADT\",\"description\":\"\",\"publisher\":{\"@id\":\"https:\/\/funeraillesadt.bluetimeproduction.be\/fr\/#organization\"},\"potentialAction\":[{\"@type\":\"SearchAction\",\"target\":{\"@type\":\"EntryPoint\",\"urlTemplate\":\"https:\/\/funeraillesadt.bluetimeproduction.be\/fr\/?s={search_term_string}\"},\"query-input\":{\"@type\":\"PropertyValueSpecification\",\"valueRequired\":true,\"valueName\":\"search_term_string\"}}],\"inLanguage\":\"fr-FR\"},{\"@type\":\"Organization\",\"@id\":\"https:\/\/funeraillesadt.bluetimeproduction.be\/fr\/#organization\",\"name\":\"Fun\u00e9railles ADT\",\"url\":\"https:\/\/funeraillesadt.bluetimeproduction.be\/fr\/\",\"logo\":{\"@type\":\"ImageObject\",\"inLanguage\":\"fr-FR\",\"@id\":\"https:\/\/funeraillesadt.bluetimeproduction.be\/fr\/#\/schema\/logo\/image\/\",\"url\":\"https:\/\/funeraillesadt.bluetimeproduction.be\/wp-content\/uploads\/2025\/12\/logo_adt-fr.svg\",\"contentUrl\":\"https:\/\/funeraillesadt.bluetimeproduction.be\/wp-content\/uploads\/2025\/12\/logo_adt-fr.svg\",\"width\":1,\"height\":1,\"caption\":\"Fun\u00e9railles ADT\"},\"image\":{\"@id\":\"https:\/\/funeraillesadt.bluetimeproduction.be\/fr\/#\/schema\/logo\/image\/\"}}]}<\/script>\n<!-- \/ Yoast SEO plugin. -->","yoast_head_json":{"title":"Fun\u00e9railles ADT | Bruxelles | Nous contacter","description":"Besoin d\u2019assistance apr\u00e8s un d\u00e9c\u00e8s ? Fun\u00e9railles ADT est joignable 24h\/24 et 7j\/7 et vous accompagne avec bienveillance.","robots":{"index":"noindex","follow":"follow","max-snippet":"max-snippet:-1","max-image-preview":"max-image-preview:large","max-video-preview":"max-video-preview:-1"},"og_locale":"fr_FR","og_type":"article","og_title":"Fun\u00e9railles ADT | Bruxelles | Nous contacter","og_description":"Besoin d\u2019assistance apr\u00e8s un d\u00e9c\u00e8s ? Fun\u00e9railles ADT est joignable 24h\/24 et 7j\/7 et vous accompagne avec bienveillance.","og_url":"https:\/\/funeraillesadt.bluetimeproduction.be\/fr\/contact\/","og_site_name":"Fun\u00e9railles ADT","article_modified_time":"2025-12-02T09:17:23+00:00","twitter_card":"summary_large_image","schema":{"@context":"https:\/\/schema.org","@graph":[{"@type":"WebPage","@id":"https:\/\/funeraillesadt.bluetimeproduction.be\/fr\/contact\/","url":"https:\/\/funeraillesadt.bluetimeproduction.be\/fr\/contact\/","name":"Fun\u00e9railles ADT | Bruxelles | Nous contacter","isPartOf":{"@id":"https:\/\/funeraillesadt.bluetimeproduction.be\/fr\/#website"},"datePublished":"2025-12-02T09:17:22+00:00","dateModified":"2025-12-02T09:17:23+00:00","description":"Besoin d\u2019assistance apr\u00e8s un d\u00e9c\u00e8s ? Fun\u00e9railles ADT est joignable 24h\/24 et 7j\/7 et vous accompagne avec bienveillance.","breadcrumb":{"@id":"https:\/\/funeraillesadt.bluetimeproduction.be\/fr\/contact\/#breadcrumb"},"inLanguage":"fr-FR","potentialAction":[{"@type":"ReadAction","target":["https:\/\/funeraillesadt.bluetimeproduction.be\/fr\/contact\/"]}]},{"@type":"BreadcrumbList","@id":"https:\/\/funeraillesadt.bluetimeproduction.be\/fr\/contact\/#breadcrumb","itemListElement":[{"@type":"ListItem","position":1,"name":"Accueil","item":"https:\/\/funeraillesadt.bluetimeproduction.be\/fr\/"},{"@type":"ListItem","position":2,"name":"Contact"}]},{"@type":"WebSite","@id":"https:\/\/funeraillesadt.bluetimeproduction.be\/fr\/#website","url":"https:\/\/funeraillesadt.bluetimeproduction.be\/fr\/","name":"Fun\u00e9railles ADT","description":"","publisher":{"@id":"https:\/\/funeraillesadt.bluetimeproduction.be\/fr\/#organization"},"potentialAction":[{"@type":"SearchAction","target":{"@type":"EntryPoint","urlTemplate":"https:\/\/funeraillesadt.bluetimeproduction.be\/fr\/?s={search_term_string}"},"query-input":{"@type":"PropertyValueSpecification","valueRequired":true,"valueName":"search_term_string"}}],"inLanguage":"fr-FR"},{"@type":"Organization","@id":"https:\/\/funeraillesadt.bluetimeproduction.be\/fr\/#organization","name":"Fun\u00e9railles ADT","url":"https:\/\/funeraillesadt.bluetimeproduction.be\/fr\/","logo":{"@type":"ImageObject","inLanguage":"fr-FR","@id":"https:\/\/funeraillesadt.bluetimeproduction.be\/fr\/#\/schema\/logo\/image\/","url":"https:\/\/funeraillesadt.bluetimeproduction.be\/wp-content\/uploads\/2025\/12\/logo_adt-fr.svg","contentUrl":"https:\/\/funeraillesadt.bluetimeproduction.be\/wp-content\/uploads\/2025\/12\/logo_adt-fr.svg","width":1,"height":1,"caption":"Fun\u00e9railles ADT"},"image":{"@id":"https:\/\/funeraillesadt.bluetimeproduction.be\/fr\/#\/schema\/logo\/image\/"}}]}},"_links":{"self":[{"href":"https:\/\/funeraillesadt.bluetimeproduction.be\/fr\/wp-json\/wp\/v2\/pages\/203","targetHints":{"allow":["GET"]}}],"collection":[{"href":"https:\/\/funeraillesadt.bluetimeproduction.be\/fr\/wp-json\/wp\/v2\/pages"}],"about":[{"href":"https:\/\/funeraillesadt.bluetimeproduction.be\/fr\/wp-json\/wp\/v2\/types\/page"}],"author":[{"embeddable":true,"href":"https:\/\/funeraillesadt.bluetimeproduction.be\/fr\/wp-json\/wp\/v2\/users\/1"}],"replies":[{"embeddable":true,"href":"https:\/\/funeraillesadt.bluetimeproduction.be\/fr\/wp-json\/wp\/v2\/comments?post=203"}],"version-history":[{"count":1,"href":"https:\/\/funeraillesadt.bluetimeproduction.be\/fr\/wp-json\/wp\/v2\/pages\/203\/revisions"}],"predecessor-version":[{"id":204,"href":"https:\/\/funeraillesadt.bluetimeproduction.be\/fr\/wp-json\/wp\/v2\/pages\/203\/revisions\/204"}],"wp:attachment":[{"href":"https:\/\/funeraillesadt.bluetimeproduction.be\/fr\/wp-json\/wp\/v2\/media?parent=203"}],"curies":[{"name":"wp","href":"https:\/\/api.w.org\/{rel}","templated":true}]}}